{"id":221,"date":"2025-02-24T12:45:21","date_gmt":"2025-02-24T12:45:21","guid":{"rendered":"https:\/\/gospelforeveryone.worldea.org\/?page_id=221"},"modified":"2025-02-27T22:02:10","modified_gmt":"2025-02-27T22:02:10","slug":"privacy","status":"publish","type":"page","link":"https:\/\/secgen.worldea.org\/de\/privacy\/","title":{"rendered":"Datenschutz"},"content":{"rendered":"<p>Datenschutz ist wichtig, kann aber verwirrend sein. Auf dieser Seite erfahren Sie, wie wir Datenschutzma\u00dfnahmen umsetzen und welche Auswirkungen diese auf Sie haben.<\/p>\n<h4>Kurzfassung<\/h4>\n<p>Wir erfassen anonyme Statistiken \u00fcber Ihren Besuch, beispielsweise welche unserer Seiten Sie angesehen haben.<\/p>\n<p>Wenn Sie die Dienste von Drittanbietern wie Facebook nutzen, erfahren diese m\u00f6glicherweise, dass Sie diese Website besucht haben. Wir haben darauf keinen Einfluss, gehen aber nicht davon aus, dass dies eine Gefahr f\u00fcr Sie darstellt.<\/p>\n<p>Wenn Sie sich bei uns anmelden, achten wir sehr darauf, Ihre Daten sicher aufzubewahren und werden sie niemals ohne Ihre ausdr\u00fcckliche Zustimmung an Dritte weitergeben.<\/p>\n<p>Wir geben Ihre Daten niemals an Dritte weiter, au\u00dfer um uns bei der Bereitstellung unserer eigenen Dienste zu unterst\u00fctzen.<\/p>\n<p>Dies sind nur die wichtigsten Punkte. Wenn Sie weitere Details ben\u00f6tigen, lesen Sie weiter.<\/p>\n<h4>Messung unserer Besucher<\/h4>\n<p>Wir analysieren die Besucherzahlen unserer Website mithilfe von Google Analytics. Dabei wird erfasst, welche Seiten Sie auf unserer Website aufrufen, wie Sie auf unsere Website gelangt sind und einige grundlegende Informationen \u00fcber Ihren Computer. Alle diese Informationen sind anonym \u2013 wir wissen also nicht, wer Sie sind; wir wissen lediglich, dass jemand unsere Website besucht hat.<\/p>\n<p>Die durch Analysen gesammelten Informationen helfen uns zu verstehen, welche Bereiche unserer Websites gut funktionieren, wie Besucher auf unsere Website gelangen usw. Wie die meisten Websites nutzen wir diese Informationen, um unsere Website zu verbessern.<\/p>\n<p>Du kannst\u00a0<a href=\"https:\/\/support.google.com\/analytics\/answer\/6004245\" target=\"_blank\" rel=\"noopener\">Erfahren Sie hier mehr \u00fcber Google Analytics<\/a>.<\/p>\n<h4>Eingebettete Inhalte von anderen Websites<\/h4>\n<p>Die Inhalte dieser Website k\u00f6nnen eingebettete Inhalte beinhalten (z. B. Videos, Bilder, Beitr\u00e4ge etc.). Eingebettete Inhalte von anderen Websites verhalten sich exakt so, als ob der Besucher die urspr\u00fcngliche Website besucht h\u00e4tte.<\/p>\n<p>Diese Websites k\u00f6nnen Daten \u00fcber Sie sammeln, Cookies benutzen, zus\u00e4tzliche Tracking-Dienste von Dritten einbetten und Ihre Interaktion mit diesem eingebetteten Inhalt aufzeichnen, inklusive Ihrer Interaktion mit dem eingebetteten Inhalt, falls Sie ein Konto haben und auf dieser Website angemeldet sind.<\/p>\n<h4>Anzeigen und gesponserte Links<\/h4>\n<p>Diese Website enth\u00e4lt keine gesponserten Links oder Anzeigen.<\/p>\n<h4>Downloads und Mediendateien<\/h4>\n<p>Der Zugriff auf alle herunterladbaren Dokumente, Dateien und Medien auf dieser Website erfolgt auf Ihr eigenes Risiko. Obwohl alle Vorkehrungen getroffen wurden, um sicherzustellen, dass nur Original-Downloads verf\u00fcgbar sind, empfehlen wir Ihnen, deren Echtheit mithilfe von Antivirensoftware oder \u00e4hnlichen Anwendungen von Drittanbietern zu \u00fcberpr\u00fcfen.<\/p>\n<p>Wir \u00fcbernehmen keine Verantwortung f\u00fcr Downloads von Drittanbietern und von externen Websites Dritter. Wir empfehlen Ihnen, deren Echtheit mithilfe von Antivirensoftware oder \u00e4hnlichen Anwendungen von Drittanbietern zu \u00fcberpr\u00fcfen.<\/p>\n<h4>Facebook, Twitter und andere soziale Netzwerke<\/h4>\n<p>Diese Dienste stellen Social-Media-Buttons und \u00e4hnliche Funktionen bereit, die wir auf unserer Website verwenden \u2013 wie zum Beispiel die Buttons \u201cGef\u00e4llt mir\u201d und \u201cTweet\u201d.<\/p>\n<p>Dazu binden wir von ihnen bereitgestellten Code ein, \u00fcber den wir keine Kontrolle haben. Damit die Schaltfl\u00e4chen funktionieren, erkennen sie in der Regel, ob Sie angemeldet sind; Facebook nutzt dies beispielsweise, um anzuzeigen: \u201cx Ihrer Freunde gef\u00e4llt das\u201d. Wir haben weder Zugriff auf diese Informationen noch k\u00f6nnen wir kontrollieren, wie diese Netzwerke sie verwenden.<\/p>\n<p>Soziale Netzwerke k\u00f6nnten daher erfahren, dass Sie diese Website besuchen, wenn Sie deren Dienste nutzen. (Das hei\u00dft nicht, dass sie dies auch tun, aber ihre Richtlinien k\u00f6nnen sich \u00e4ndern.).<\/p>\n<h4>Wenn Sie sich f\u00fcr einen Dienst anmelden<\/h4>\n<p>Wenn Sie sich f\u00fcr einen unserer Dienste anmelden (beispielsweise bei der Anmeldung zur Mailingliste), erfassen wir bestimmte pers\u00f6nliche Informationen \u00fcber Sie, beispielsweise Ihren Namen und Ihre E-Mail-Adresse.<\/p>\n<h4>E-Mails<\/h4>\n<p>Wir senden Ihnen ggf. E-Mail-Benachrichtigungen, die Sie ausdr\u00fccklich angefordert haben (z. B. Newsletter oder Benachrichtigungen). Sie k\u00f6nnen diese Mitteilungen jederzeit abbestellen.<\/p>\n<p>Wir geben Ihre pers\u00f6nlichen Daten oder Ihre E-Mail-Adresse niemals an Dritte weiter, es sei denn, diese werden, wie oben beschrieben, speziell zur Bereitstellung unserer eigenen Dienste eingesetzt.<\/p>\n<h4>Sicherheit<\/h4>\n<p>Wir treffen zahlreiche Vorkehrungen, um den Verlust, Missbrauch oder die Ver\u00e4nderung Ihrer personenbezogenen Daten zu verhindern. Zu diesen Vorkehrungen geh\u00f6ren:<\/p>\n<ul>\n<li>Einsatz von SSL-Verschl\u00fcsselung f\u00fcr alle Seiteninhalte und erhobenen Daten<\/li>\n<li>Hardware wird in gesicherten Rechenzentren hinter Firewalls gespeichert<\/li>\n<li>Der gesamte Zugriff auf Informationen ist durch ein Passwort und\/oder einen sicheren Schl\u00fcssel beschr\u00e4nkt.<\/li>\n<li>Einschr\u00e4nkungen hinsichtlich der Informationen, auf die von einem beliebigen Standort aus zugegriffen werden kann<\/li>\n<\/ul>\n<p>Obwohl wir gro\u00dfe Sorgfalt darauf verwenden, den Schutz vertraulicher Informationen sicherzustellen, k\u00f6nnen wir die Sicherheit der \u00fcber das Internet gesendeten Daten nicht garantieren.<\/p>\n<p>Wenn Sie im Laufe Ihrer Nutzung dieser Website aufgefordert werden, ein Benutzerkonto zu erstellen, beachten Sie bitte, dass Sie f\u00fcr die Geheimhaltung Ihres Passworts und Ihrer Benutzerdaten verantwortlich sind. Wir werden Sie niemals nach Ihrem Passwort fragen, geben Sie es daher bitte niemandem weiter, der danach fragt.<\/p>\n<h4>Ihre Daten<\/h4>\n<p>Ihre Daten geh\u00f6ren Ihnen. Wenn Sie jederzeit eine Kopie Ihrer Daten anfordern oder deren Entfernung aus unserem System verlangen m\u00f6chten, k\u00f6nnen Sie dies tun.\u00a0<a href=\"https:\/\/secgen.worldea.org\/de\/your-data\/\">Hier<\/a>.<\/p>\n<h4>Aktualisierungen dieser Richtlinie<\/h4>\n<p>Wir behalten uns das Recht vor, diese Datenschutzrichtlinie gelegentlich zu aktualisieren, insbesondere aufgrund technologischer Ver\u00e4nderungen. Die aktuelle Version finden Sie jederzeit auf dieser Seite. Wir informieren Sie gegebenenfalls auch per E-Mail \u00fcber \u00c4nderungen unserer Datenschutzrichtlinie.<\/p>","protected":false},"excerpt":{"rendered":"<p>Datenschutz ist wichtig, kann aber verwirrend sein. Diese Seite erkl\u00e4rt unseren Umgang mit Datenschutz und dessen Auswirkungen auf Sie. Kurz gesagt: Wir erfassen anonyme Statistiken \u00fcber Ihren Besuch, z. B. welche Seiten Sie aufgerufen haben. Einige Drittanbieter wie Facebook erfahren m\u00f6glicherweise von Ihrem Besuch auf dieser Website, wenn Sie deren Dienste nutzen. Wir haben darauf keinen Einfluss. <a title=\"Datenschutz\" class=\"read-more\" href=\"https:\/\/secgen.worldea.org\/de\/privacy\/\" aria-label=\"Weitere Informationen zum Datenschutz\">Weiterlesen \u2026<\/a><\/p>","protected":false},"author":1,"featured_media":0,"parent":0,"menu_order":0,"comment_status":"closed","ping_status":"closed","template":"","meta":{"_seopress_robots_primary_cat":"","_seopress_titles_title":"","_seopress_titles_desc":"","_seopress_robots_index":"","footnotes":""},"class_list":["post-221","page","type-page","status-publish"],"_links":{"self":[{"href":"https:\/\/secgen.worldea.org\/de\/wp-json\/wp\/v2\/pages\/221","targetHints":{"allow":["GET"]}}],"collection":[{"href":"https:\/\/secgen.worldea.org\/de\/wp-json\/wp\/v2\/pages"}],"about":[{"href":"https:\/\/secgen.worldea.org\/de\/wp-json\/wp\/v2\/types\/page"}],"author":[{"embeddable":true,"href":"https:\/\/secgen.worldea.org\/de\/wp-json\/wp\/v2\/users\/1"}],"replies":[{"embeddable":true,"href":"https:\/\/secgen.worldea.org\/de\/wp-json\/wp\/v2\/comments?post=221"}],"version-history":[{"count":2,"href":"https:\/\/secgen.worldea.org\/de\/wp-json\/wp\/v2\/pages\/221\/revisions"}],"predecessor-version":[{"id":400,"href":"https:\/\/secgen.worldea.org\/de\/wp-json\/wp\/v2\/pages\/221\/revisions\/400"}],"wp:attachment":[{"href":"https:\/\/secgen.worldea.org\/de\/wp-json\/wp\/v2\/media?parent=221"}],"curies":[{"name":"wp","href":"https:\/\/api.w.org\/{rel}","templated":true}]}}