{"id":222,"date":"2025-02-24T12:45:27","date_gmt":"2025-02-24T12:45:27","guid":{"rendered":"https:\/\/gospelforeveryone.worldea.org\/?page_id=222"},"modified":"2025-02-27T22:02:37","modified_gmt":"2025-02-27T22:02:37","slug":"cookies","status":"publish","type":"page","link":"https:\/\/secgen.worldea.org\/de\/cookies\/","title":{"rendered":"Dieses Portal verwendet Cookies zur Optimierung der Browserfunktion. Informieren Sie sich, wie wir Cookies verwenden und wie Sie Ihre Einstellungen \u00e4ndern k\u00f6nnen."},"content":{"rendered":"<p>Wir verwenden auf unserer Website Cookies. Ein Cookie ist eine kleine Textdatei, die auf Ihrem Computer abgelegt wird und die Nutzung der Website vereinfacht.<\/p>\n<p>Generally, we use cookies to help us administer this website and to improve the website&#8217;s usability. We may also use cookies to identify which pages are being used. This helps us to analyse data about webpage traffic and improve our website in order to tailor it to visitors to our website. We only use this information for statistical analysis purposes and then the data is removed from the system.<\/p>\n<p>Insgesamt helfen uns Cookies dabei, Ihnen eine bessere Website zu bieten, indem sie es uns erm\u00f6glichen, zu \u00fcberwachen, welche Seiten Sie n\u00fctzlich finden und welche nicht.<\/p>\n<p>Cookies enthalten keine Informationen, die Sie pers\u00f6nlich identifizieren. Ein Cookie gibt uns in keiner Weise Zugriff auf Ihren Computer oder irgendwelche Informationen \u00fcber Sie.<\/p>\n<p>Sie k\u00f6nnen unsere vollst\u00e4ndige Online-Datenschutzrichtlinie lesen\u00a0<a href=\"https:\/\/secgen.worldea.org\/de\/privacy\/\">Hier<\/a>.<\/p>\n<p>Sie k\u00f6nnen Cookies akzeptieren oder ablehnen. Die meisten Webbrowser akzeptieren Cookies automatisch. Sie k\u00f6nnen Ihre Browsereinstellungen jedoch in der Regel so \u00e4ndern, dass Cookies abgelehnt werden. Dies kann jedoch dazu f\u00fchren, dass Sie die Website nicht in vollem Umfang nutzen k\u00f6nnen.<\/p>\n<h4>Cookies auf dieser Website<\/h4>\n<p>There are two main kinds of cookies: &#8216;session&#8217; cookies and &#8216;persistent&#8217; cookies. Session cookies only last for the duration of users using the website and are deleted from your computer when you close your browser, whereas persistent cookies outlast user sessions and remain stored on your computer until deleted, or until they reach their expiry date.<\/p>\n<p>Wir verwenden auf dieser Website sowohl Sitzungscookies als auch dauerhafte Cookies.<\/p>\n<h4>Cookies von Drittanbietern<\/h4>\n<p>Wir verwenden Cookies von Drittanbietern, um statistische Analysen der Website-Nutzung zu erstellen. Wir erstellen Berichte, mit denen wir das System optimieren und dem Endbenutzer eine bessere Benutzeroberfl\u00e4che bieten.<\/p>\n<p>For this purpose we use Google Analytics to analyse the use of this website. Google Analytics generates statistical and other information about website use by means of cookies, which are stored on users&#8217; computers. The information generated relating to our website is used to create reports about the use of the website. Google will store and use this information. Google&#8217;s privacy policy is available at\u00a0<a href=\"https:\/\/www.google.com\/policies\/privacy\/\" target=\"_blank\" rel=\"noopener\">https:\/\/www.google.com\/policies\/privacy\/<\/a>Wenn Sie das Tracking durch Google Analytics auf allen Websites deaktivieren m\u00f6chten, besuchen Sie bitte:\u00a0<a href=\"https:\/\/tools.google.com\/dlpage\/gaoptout\" target=\"_blank\" rel=\"noopener\">https:\/\/tools.google.com\/dlpage\/gaoptout<\/a>.<\/p>\n<p>Bei den meisten Browsern k\u00f6nnen Sie alle Cookies ablehnen, bei manchen Browsern k\u00f6nnen Sie jedoch nur Cookies von Drittanbietern ablehnen.<\/p>\n<h4>Wie \u00e4ndere ich meine Cookie-Einstellungen?<\/h4>\n<p>Die meisten Webbrowser erm\u00f6glichen eine gewisse Kontrolle \u00fcber die meisten Cookies \u00fcber die Browsereinstellungen. Weitere Informationen zu Cookies, einschlie\u00dflich der M\u00f6glichkeit, zu sehen, welche Cookies gesetzt wurden, finden Sie unter\u00a0<a href=\"https:\/\/allaboutcookies.org\/\" target=\"_blank\" rel=\"noopener\">https:\/\/allaboutcookies.org\/<\/a>.<\/p>\n<p>Informieren Sie sich, wie Sie Cookies in g\u00e4ngigen Browsern verwalten:<\/p>\n<ul>\n<li><a href=\"https:\/\/support.google.com\/accounts\/answer\/61416\" target=\"_blank\" rel=\"noopener\">Google Chrome<\/a><\/li>\n<li><a href=\"https:\/\/support.microsoft.com\/en-us\/windows\/manage-cookies-in-microsoft-edge-view-allow-block-delete-and-use-168dab11-0753-043d-7c16-ede5947fc64d\" target=\"_blank\" rel=\"noopener\">Microsoft Edge<\/a><\/li>\n<li><a href=\"https:\/\/support.mozilla.org\/en-US\/kb\/enhanced-tracking-protection-firefox-desktop\" target=\"_blank\" rel=\"noopener\">Mozilla Firefox<\/a><\/li>\n<li><a href=\"https:\/\/help.opera.com\/en\/latest\/web-preferences\/\" target=\"_blank\" rel=\"noopener\">Oper<\/a><\/li>\n<li><a href=\"https:\/\/support.apple.com\/en-gb\/guide\/safari\/sfri11471\/mac\" target=\"_blank\" rel=\"noopener\">Apple Safari<\/a><\/li>\n<\/ul>\n<p>To find information relating to other browsers, visit the browser developer&#8217;s website.<\/p>","protected":false},"excerpt":{"rendered":"<p>We use cookies on our website. A cookie is a small text file that is placed on your computer to help the site provide a better user experience. Generally, we use cookies to help us administer this website and to improve the website&#8217;s usability. We may also use cookies to identify which pages are being &#8230; <a title=\"Dieses Portal verwendet Cookies zur Optimierung der Browserfunktion. Informieren Sie sich, wie wir Cookies verwenden und wie Sie Ihre Einstellungen \u00e4ndern k\u00f6nnen.\" class=\"read-more\" href=\"https:\/\/secgen.worldea.org\/de\/cookies\/\" aria-label=\"Mehr Informationen \u00fcber Cookies\">Weiterlesen \u2026<\/a><\/p>","protected":false},"author":1,"featured_media":0,"parent":0,"menu_order":0,"comment_status":"closed","ping_status":"closed","template":"","meta":{"_seopress_robots_primary_cat":"","_seopress_titles_title":"","_seopress_titles_desc":"","_seopress_robots_index":"","footnotes":""},"class_list":["post-222","page","type-page","status-publish"],"_links":{"self":[{"href":"https:\/\/secgen.worldea.org\/de\/wp-json\/wp\/v2\/pages\/222","targetHints":{"allow":["GET"]}}],"collection":[{"href":"https:\/\/secgen.worldea.org\/de\/wp-json\/wp\/v2\/pages"}],"about":[{"href":"https:\/\/secgen.worldea.org\/de\/wp-json\/wp\/v2\/types\/page"}],"author":[{"embeddable":true,"href":"https:\/\/secgen.worldea.org\/de\/wp-json\/wp\/v2\/users\/1"}],"replies":[{"embeddable":true,"href":"https:\/\/secgen.worldea.org\/de\/wp-json\/wp\/v2\/comments?post=222"}],"version-history":[{"count":1,"href":"https:\/\/secgen.worldea.org\/de\/wp-json\/wp\/v2\/pages\/222\/revisions"}],"predecessor-version":[{"id":401,"href":"https:\/\/secgen.worldea.org\/de\/wp-json\/wp\/v2\/pages\/222\/revisions\/401"}],"wp:attachment":[{"href":"https:\/\/secgen.worldea.org\/de\/wp-json\/wp\/v2\/media?parent=222"}],"curies":[{"name":"wp","href":"https:\/\/api.w.org\/{rel}","templated":true}]}}