{"id":265,"date":"2025-02-25T12:19:59","date_gmt":"2025-02-25T12:19:59","guid":{"rendered":"https:\/\/gospelforeveryone.worldea.org\/?page_id=265"},"modified":"2025-02-27T22:02:57","modified_gmt":"2025-02-27T22:02:57","slug":"your-data","status":"publish","type":"page","link":"https:\/\/secgen.worldea.org\/de\/your-data\/","title":{"rendered":"Ihre Daten"},"content":{"rendered":"<p><strong>Ihre Daten geh\u00f6ren Ihnen<\/strong>. Sie k\u00f6nnen mithilfe der unten stehenden Formulare die Herausgabe der von uns \u00fcber Sie gespeicherten Daten oder die L\u00f6schung dieser Daten anfordern.<\/p>\n\t\t\t\tData Export Request\n\t\t\t\tData Removal Request\n\t\t\t\t\t\t\tData Export Request\n\t\t\t\t<p>Wenn Sie jederzeit eine Kopie der von uns \u00fcber Sie gespeicherten Daten erhalten m\u00f6chten, f\u00fcllen Sie einfach das untenstehende Formular aus.<\/p>\n<form action=\"https:\/\/secgen.worldea.org\/de\/wp-json\/ws-form\/v1\/submit\" class=\"wsf-form wsf-form-canvas\" id=\"ws-form-1\" data-id=\"7\" method=\"POST\" data-instance-id=\"1\" data-wsf-style-id=\"1\" data-trp-original-action=\"https:\/\/secgen.worldea.org\/de\/wp-json\/ws-form\/v1\/submit\"><input type=\"hidden\" name=\"trp-form-language\" value=\"de\"\/><\/form>\n\t\t\t\t\t\t\tAntrag auf Datenentfernung\n\t\t\t\t<p>Wenn Sie Ihre Daten jederzeit von unserer Site entfernen m\u00f6chten, f\u00fcllen Sie einfach das untenstehende Formular aus.<\/p>\n<form action=\"https:\/\/secgen.worldea.org\/de\/wp-json\/ws-form\/v1\/submit\" class=\"wsf-form wsf-form-canvas\" id=\"ws-form-2\" data-id=\"6\" method=\"POST\" data-instance-id=\"2\" data-wsf-style-id=\"1\" data-trp-original-action=\"https:\/\/secgen.worldea.org\/de\/wp-json\/ws-form\/v1\/submit\"><input type=\"hidden\" name=\"trp-form-language\" value=\"de\"\/><\/form>","protected":false},"excerpt":{"rendered":"<p>Your data belongs to you. You can request to receive the data we hold about you, or request that we remove that data using the forms below. Data Export Request Data Removal Request Data Export Request If at any time you would like to receive a copy of the data that we hold about you, &#8230; <a title=\"Ihre Daten\" class=\"read-more\" href=\"https:\/\/secgen.worldea.org\/de\/your-data\/\" aria-label=\"Mehr Informationen \u00fcber Your Data\">Weiterlesen \u2026<\/a><\/p>","protected":false},"author":1,"featured_media":0,"parent":0,"menu_order":0,"comment_status":"closed","ping_status":"closed","template":"","meta":{"_seopress_robots_primary_cat":"","_seopress_titles_title":"","_seopress_titles_desc":"","_seopress_robots_index":"","footnotes":""},"class_list":["post-265","page","type-page","status-publish"],"_links":{"self":[{"href":"https:\/\/secgen.worldea.org\/de\/wp-json\/wp\/v2\/pages\/265","targetHints":{"allow":["GET"]}}],"collection":[{"href":"https:\/\/secgen.worldea.org\/de\/wp-json\/wp\/v2\/pages"}],"about":[{"href":"https:\/\/secgen.worldea.org\/de\/wp-json\/wp\/v2\/types\/page"}],"author":[{"embeddable":true,"href":"https:\/\/secgen.worldea.org\/de\/wp-json\/wp\/v2\/users\/1"}],"replies":[{"embeddable":true,"href":"https:\/\/secgen.worldea.org\/de\/wp-json\/wp\/v2\/comments?post=265"}],"version-history":[{"count":1,"href":"https:\/\/secgen.worldea.org\/de\/wp-json\/wp\/v2\/pages\/265\/revisions"}],"predecessor-version":[{"id":402,"href":"https:\/\/secgen.worldea.org\/de\/wp-json\/wp\/v2\/pages\/265\/revisions\/402"}],"wp:attachment":[{"href":"https:\/\/secgen.worldea.org\/de\/wp-json\/wp\/v2\/media?parent=265"}],"curies":[{"name":"wp","href":"https:\/\/api.w.org\/{rel}","templated":true}]}}