{"id":342,"date":"2025-02-27T19:52:44","date_gmt":"2025-02-27T19:52:44","guid":{"rendered":"https:\/\/secgen.worldea.org\/?page_id=342"},"modified":"2025-07-18T05:59:13","modified_gmt":"2025-07-18T05:59:13","slug":"apply","status":"publish","type":"page","link":"https:\/\/secgen.worldea.org\/de\/apply\/","title":{"rendered":"Anwenden"},"content":{"rendered":"<p>In line with the WEA Search Committee&#8217;s commitment to a transparent selection process for the position of Secretary General of the WEA, we wish to provide the following important instructions:<\/p>\n<ol>\n<li>Alle Bewerbungen m\u00fcssen ausschlie\u00dflich an die angegebene E-Mail-Adresse gesendet werden: <a href=\"mailto:searchsg@worldea.org\">searchsg@worldea.org<\/a><\/li>\n<li>Um zu best\u00e4tigen, dass eine Bewerbung erfolgreich eingegangen ist, kann jeder Kandidat damit rechnen, innerhalb von drei (3) Werktagen nach Einreichung eine offizielle Best\u00e4tigung vom Suchausschuss zu erhalten.<\/li>\n<li>Sollte ein Kandidat nach drei (3) Werktagen keine Best\u00e4tigung erhalten haben, muss er seine Bewerbung unverz\u00fcglich erneut an die angegebene E-Mail-Adresse senden und kann mit einer offiziellen Antwort des Suchausschusses innerhalb von zwei (2) Werktagen rechnen.<\/li>\n<\/ol>\n\t<p><strong>Bitte senden Sie Ihre Bewerbung per E-Mail an <a href=\"mailto:searchSG@worldea.org?subject=Application%20for%20the%20role%20of%20WEA%20Secretary%20General\">searchSG@worldea.org<\/a> mit den folgenden Informationen<\/strong>:<\/p>\n<ul>\n<li>Ihr Lebenslauf<\/li>\n<li>Ihr Anschreiben<\/li>\n<li>Beschreiben Sie in maximal 200 W\u00f6rtern Ihre Motivation f\u00fcr die Bewerbung um diese Stelle.<\/li>\n<li>Beschreiben Sie in bis zu 200 W\u00f6rtern Ihre Vision f\u00fcr WEA.<\/li>\n<li>Beschreiben Sie in maximal 200 W\u00f6rtern Ihre St\u00e4rken und Talente, die Sie f\u00fcr diese Position mitbringen k\u00f6nnten.<\/li>\n<\/ul>\n<p>Danke sch\u00f6n.<\/p>","protected":false},"excerpt":{"rendered":"<p>In line with the WEA Search Committee&#8217;s commitment to a transparent selection process for the position of Secretary General of the WEA, we wish to provide the following important instructions: All applications must be submitted exclusively to the designated email address: searchsg@worldea.org \u2060To confirm that an application has been successfully received, each candidate can expect &#8230; <a title=\"Anwenden\" class=\"read-more\" href=\"https:\/\/secgen.worldea.org\/de\/apply\/\" aria-label=\"Mehr Informationen \u00fcber Apply\">Weiterlesen \u2026<\/a><\/p>","protected":false},"author":1,"featured_media":0,"parent":0,"menu_order":0,"comment_status":"closed","ping_status":"closed","template":"","meta":{"_seopress_robots_primary_cat":"","_seopress_titles_title":"","_seopress_titles_desc":"","_seopress_robots_index":"yes","footnotes":""},"class_list":["post-342","page","type-page","status-publish"],"_links":{"self":[{"href":"https:\/\/secgen.worldea.org\/de\/wp-json\/wp\/v2\/pages\/342","targetHints":{"allow":["GET"]}}],"collection":[{"href":"https:\/\/secgen.worldea.org\/de\/wp-json\/wp\/v2\/pages"}],"about":[{"href":"https:\/\/secgen.worldea.org\/de\/wp-json\/wp\/v2\/types\/page"}],"author":[{"embeddable":true,"href":"https:\/\/secgen.worldea.org\/de\/wp-json\/wp\/v2\/users\/1"}],"replies":[{"embeddable":true,"href":"https:\/\/secgen.worldea.org\/de\/wp-json\/wp\/v2\/comments?post=342"}],"version-history":[{"count":7,"href":"https:\/\/secgen.worldea.org\/de\/wp-json\/wp\/v2\/pages\/342\/revisions"}],"predecessor-version":[{"id":422,"href":"https:\/\/secgen.worldea.org\/de\/wp-json\/wp\/v2\/pages\/342\/revisions\/422"}],"wp:attachment":[{"href":"https:\/\/secgen.worldea.org\/de\/wp-json\/wp\/v2\/media?parent=342"}],"curies":[{"name":"wp","href":"https:\/\/api.w.org\/{rel}","templated":true}]}}