{"id":80,"date":"2025-02-23T09:53:45","date_gmt":"2025-02-23T09:53:45","guid":{"rendered":"https:\/\/gospelforeveryone.worldea.org\/?page_id=80"},"modified":"2025-06-04T07:55:33","modified_gmt":"2025-06-04T07:55:33","slug":"coming-soon","status":"publish","type":"page","link":"https:\/\/secgen.worldea.org\/de\/","title":{"rendered":"Startseite"},"content":{"rendered":"<h1>\n\t\t\tSuche nach Generalsekret\u00e4r\t<\/h1>\n<h3>\n\t\t\tBewerbungen sind jetzt geschlossen\t<\/h3>\n\t<p>Der Generalsekret\u00e4r tr\u00e4gt die Gesamtverantwortung f\u00fcr die Weltweite Evangelische Allianz. Er\/Sie leitet ein globales Mitarbeiterteam, das sich mit der Umsetzung des Fahrplans 2030 der WEA befasst, der vier strategische Priorit\u00e4ten umfasst:<\/p>\n\t<p>Starke evangelikale Allianzen<\/p>\n\t<p>Einflussreiche Stimme der Interessenvertretung<\/p>\n\t<p>Fruchtbare und breite Zusammenarbeit<\/p>\n\t<p>Effektive Organisationsstrukturen<\/p>\n\t<strong>Der Generalsekret\u00e4r<\/strong><br \/>\nist eine bescheidene Person<br \/>\nhat unbestrittene moralische Integrit\u00e4t<br \/>\nist \u00fcber jeden Zweifel erhaben<br \/>\nhat ein starkes Gef\u00fchl der g\u00f6ttlichen Berufung zur SG-Position<br \/>\nist mitf\u00fchlend<br \/>\nhat eine zufriedenstellende Familiensituation<br \/>\nist vom Geist erf\u00fcllt<br \/>\nist ein dienender F\u00fchrer<br \/>\nist gn\u00e4dig gegen\u00fcber anderen<br \/>\nist nicht aufgebl\u00e4ht<br \/>\nhat eine Geschichte spiritueller Disziplin<br \/>\nzeigt anderen Gnade<br \/>\nist eine Person des Gebets und des Bibelstudiums<br \/>\nhat einen gro\u00dfz\u00fcgigen Geist<br \/>\nhat eine richtige Einstellung zum Geld<br \/>\nzeigt spirituelle Reife\n\t<p>Der Generalsekret\u00e4r wird vom WEA International Council (\u00fcber dessen Vorsitzenden und Exekutivausschuss) ernannt und berichtet an diesen \u2013 der sich aus Vertretern der Regionen der Welt zusammensetzt.<\/p>\n\t<a href=\"https:\/\/worldea.org\" target=\"_self\" role=\"button\" aria-label=\"HAUPTWEBSITE VON WEA \">\n\t\t\t\t\t\tHAUPTWEBSITE VON WEA \n\t\t\t\t\t<\/a>\n\t<p>Die Amtseinf\u00fchrung des neuen Generalsekret\u00e4rs ist f\u00fcr die <a href=\"https:\/\/gospelforeveryone.worldea.org\/\">Generalversammlung<\/a> in Seoul, Korea im Oktober 2025.<\/p>\n\t<p>\u00dcber zwei Milliarden Christen weltweit werden heute von drei Weltkirchenorganisationen vertreten. Die Weltweite Evangelische Allianz (WEA) ist eine dieser Organisationen. Sie betreut \u00fcber 600 Millionen Evangelikale, die zu Kirchen geh\u00f6ren, die Teil von 143 nationalen Evangelischen Allianzen in neun Regionen sind.<\/p>\n<p>Die WEA wurde 1846 in London gegr\u00fcndet und vereint Evangelikale aller Konfessionen zum Gebet, zur Evangelisation, zur Mission, zur theologischen Ausbildung, zur Religionsfreiheit, zum Einsatz f\u00fcr Menschenrechte, zur humanit\u00e4ren Hilfe und zum Engagement in einer Vielzahl sozialer Belange. Sie vertritt mit einer Stimme die Vereinten Nationen, Regierungen und Medien \u2013 \u00f6ffentlich oder durch diplomatische Arbeit hinter den Kulissen \u2013 zu Themen, die die Kirche gemeinsam betreffen. Weitere Informationen finden Sie unter <a href=\"https:\/\/worldea.org\" target=\"_blank\" rel=\"noopener\">worldea.org<\/a>.<\/p>","protected":false},"excerpt":{"rendered":"<p>Die Suche nach dem Generalsekret\u00e4r\/der Generalsekret\u00e4rin ist abgeschlossen. Der\/Die Generalsekret\u00e4r\/in tr\u00e4gt die Gesamtverantwortung f\u00fcr die Weltweite Evangelische Allianz (WEA). Er\/Sie leitet ein globales Team, das sich f\u00fcr die Umsetzung des WEA-Fahrplans 2030 mit seinen vier strategischen Priorit\u00e4ten einsetzt: Starke evangelikale Allianzen, einflussreiche Interessenvertretung, fruchtbare und breite Zusammenarbeit sowie effektive Organisationsstrukturen. Der\/Die Generalsekret\u00e4r\/in \u2026 <a title=\"Startseite\" class=\"read-more\" href=\"https:\/\/secgen.worldea.org\/de\/\" aria-label=\"Mehr Informationen \u00fcber Home\">Weiterlesen \u2026<\/a><\/p>","protected":false},"author":1,"featured_media":0,"parent":0,"menu_order":0,"comment_status":"closed","ping_status":"closed","template":"","meta":{"_seopress_robots_primary_cat":"","_seopress_titles_title":"","_seopress_titles_desc":"","_seopress_robots_index":"","footnotes":""},"class_list":["post-80","page","type-page","status-publish"],"_links":{"self":[{"href":"https:\/\/secgen.worldea.org\/de\/wp-json\/wp\/v2\/pages\/80","targetHints":{"allow":["GET"]}}],"collection":[{"href":"https:\/\/secgen.worldea.org\/de\/wp-json\/wp\/v2\/pages"}],"about":[{"href":"https:\/\/secgen.worldea.org\/de\/wp-json\/wp\/v2\/types\/page"}],"author":[{"embeddable":true,"href":"https:\/\/secgen.worldea.org\/de\/wp-json\/wp\/v2\/users\/1"}],"replies":[{"embeddable":true,"href":"https:\/\/secgen.worldea.org\/de\/wp-json\/wp\/v2\/comments?post=80"}],"version-history":[{"count":4,"href":"https:\/\/secgen.worldea.org\/de\/wp-json\/wp\/v2\/pages\/80\/revisions"}],"predecessor-version":[{"id":427,"href":"https:\/\/secgen.worldea.org\/de\/wp-json\/wp\/v2\/pages\/80\/revisions\/427"}],"wp:attachment":[{"href":"https:\/\/secgen.worldea.org\/de\/wp-json\/wp\/v2\/media?parent=80"}],"curies":[{"name":"wp","href":"https:\/\/api.w.org\/{rel}","templated":true}]}}