{"id":221,"date":"2025-02-24T12:45:21","date_gmt":"2025-02-24T12:45:21","guid":{"rendered":"https:\/\/gospelforeveryone.worldea.org\/?page_id=221"},"modified":"2025-02-27T22:02:10","modified_gmt":"2025-02-27T22:02:10","slug":"privacy","status":"publish","type":"page","link":"https:\/\/secgen.worldea.org\/es\/privacy\/","title":{"rendered":"Privacidad"},"content":{"rendered":"<p>La privacidad es importante, pero puede ser confusa. Esta p\u00e1gina explica nuestro enfoque en materia de privacidad y c\u00f3mo le afecta.<\/p>\n<h4>Versi\u00f3n corta<\/h4>\n<p>Recopilamos estad\u00edsticas an\u00f3nimas sobre su visita, como cu\u00e1les de nuestras p\u00e1ginas vio.<\/p>\n<p>Si utilizas sus servicios, es posible que terceros, como Facebook, sepan que has visitado este sitio web. No podemos controlarlos, pero no creemos que esta informaci\u00f3n suponga ninguna amenaza para ti.<\/p>\n<p>Si te registras con nosotros, nos comprometemos a mantener tu informaci\u00f3n segura y nunca la compartiremos con terceros sin tu permiso expreso.<\/p>\n<p>Nunca compartimos sus datos con terceros excepto para ayudarnos a prestar nuestros propios servicios.<\/p>\n<p>Estos son solo los puntos clave. Si necesitas m\u00e1s detalles, sigue leyendo.<\/p>\n<h4>Midiendo a nuestros visitantes<\/h4>\n<p>Medimos las visitas a nuestro sitio web mediante Google Analytics. Esta herramienta registra las p\u00e1ginas que visitas, c\u00f3mo llegaste a nuestro sitio y cierta informaci\u00f3n b\u00e1sica sobre tu ordenador. Toda esta informaci\u00f3n es an\u00f3nima; no sabemos qui\u00e9n eres, solo que alguien visit\u00f3 nuestro sitio.<\/p>\n<p>La informaci\u00f3n que recopilamos mediante an\u00e1lisis nos ayuda a comprender qu\u00e9 partes de nuestros sitios web funcionan correctamente, c\u00f3mo llegan los usuarios a nuestro sitio, etc. Como la mayor\u00eda de los sitios web, utilizamos esta informaci\u00f3n para mejorar nuestro sitio web.<\/p>\n<p>Puede\u00a0<a href=\"https:\/\/support.google.com\/analytics\/answer\/6004245\" target=\"_blank\" rel=\"noopener\">Obtenga m\u00e1s informaci\u00f3n sobre Google Analytics aqu\u00ed<\/a>.<\/p>\n<h4>Contenido incrustado de otros sitios web<\/h4>\n<p>El contenido de este sitio puede incluir contenido incrustado (p. ej., v\u00eddeos, im\u00e1genes, art\u00edculos, etc.). El contenido incrustado de otros sitios web se comporta exactamente igual que si el visitante hubiera visitado el sitio web original.<\/p>\n<p>Estos sitios web pueden recopilar datos sobre usted, utilizar cookies, incrustar un seguimiento adicional de terceros y supervisar su interacci\u00f3n con ese contenido incrustado, incluido el seguimiento de su interacci\u00f3n con el contenido incrustado si tiene una cuenta y est\u00e1 conectado a ese sitio web.<\/p>\n<h4>Anuncios y enlaces patrocinados<\/h4>\n<p>Este sitio web no contiene enlaces patrocinados ni publicidad.<\/p>\n<h4>Descargas y archivos multimedia<\/h4>\n<p>Cualquier documento, archivo o medio descargable disponible en este sitio web se proporciona bajo su propio riesgo. Si bien se han tomado todas las precauciones para garantizar que solo est\u00e9n disponibles descargas originales, se recomienda verificar su autenticidad mediante software antivirus de terceros o aplicaciones similares.<\/p>\n<p>No nos responsabilizamos de las descargas de terceros ni de las proporcionadas por sitios web externos. Le recomendamos verificar su autenticidad con un software antivirus de terceros o aplicaciones similares.<\/p>\n<h4>Facebook, Twitter y otras redes sociales<\/h4>\n<p>Estos servicios proporcionan botones para compartir en redes sociales y funciones similares que utilizamos en nuestro sitio web, como los botones de &quot;Me gusta&quot; y &quot;Twittear&quot;.<\/p>\n<p>Para ello, insertamos c\u00f3digo que ellos proporcionan y que no controlamos. Para funcionar, sus botones generalmente detectan si has iniciado sesi\u00f3n; por ejemplo, Facebook utiliza esta informaci\u00f3n para mostrar el mensaje \u201cA X de tus amigos les gusta esto\u201d. No tenemos acceso a esa informaci\u00f3n ni podemos controlar c\u00f3mo la utilizan esas redes sociales.<\/p>\n<p>Por lo tanto, las redes sociales podr\u00edan saber que usted est\u00e1 viendo este sitio web si utiliza sus servicios. (Esto no significa que lo hagan, pero sus pol\u00edticas pueden cambiar).<\/p>\n<h4>Si te registras en un servicio<\/h4>\n<p>Cuando usted se registra en cualquiera de nuestros servicios (por ejemplo, al suscribirse a la lista de correo), registraremos informaci\u00f3n personal espec\u00edfica sobre usted, como su nombre y direcci\u00f3n de correo electr\u00f3nico.<\/p>\n<h4>Correos electr\u00f3nicos<\/h4>\n<p>Podr\u00edamos enviarle notificaciones por correo electr\u00f3nico que haya solicitado espec\u00edficamente (como boletines informativos o notificaciones). Puede cancelar su suscripci\u00f3n a estas comunicaciones en cualquier momento.<\/p>\n<p>Nunca proporcionaremos su informaci\u00f3n personal ni su direcci\u00f3n de correo electr\u00f3nico a terceros, excepto cuando sean empleados espec\u00edficamente para ayudarnos a brindar nuestros propios servicios, como se detalla anteriormente.<\/p>\n<h4>Seguridad<\/h4>\n<p>Tomamos numerosas precauciones para evitar la p\u00e9rdida, el uso indebido o la alteraci\u00f3n de su informaci\u00f3n personal. Estas precauciones incluyen:<\/p>\n<ul>\n<li>Uso de cifrado SSL para todo el contenido de la p\u00e1gina y cualquier dato recopilado<\/li>\n<li>Hardware almacenado en centros de datos seguros detr\u00e1s de firewalls<\/li>\n<li>Todo acceso a la informaci\u00f3n restringido mediante contrase\u00f1a y\/o clave segura<\/li>\n<li>Restricciones a la informaci\u00f3n a la que se puede acceder desde cualquier ubicaci\u00f3n<\/li>\n<\/ul>\n<p>Si bien tomamos grandes precauciones para garantizar que toda la informaci\u00f3n confidencial permanezca protegida, no podemos garantizar la seguridad de los datos enviados a trav\u00e9s de Internet.<\/p>\n<p>Si durante el uso de este sitio web se le solicita crear una cuenta de usuario, tenga en cuenta que usted es responsable de mantener la confidencialidad de su contrase\u00f1a y sus datos de usuario. Nunca le pediremos su contrase\u00f1a, as\u00ed que no conf\u00ede en nadie que se la solicite.<\/p>\n<h4>Tus datos<\/h4>\n<p>Sus datos le pertenecen. Si en alg\u00fan momento desea solicitar una copia de sus datos o que los eliminemos de nuestro sistema, puede hacerlo.\u00a0<a href=\"https:\/\/secgen.worldea.org\/es\/your-data\/\">aqu\u00ed<\/a>.<\/p>\n<h4>Actualizaciones de esta pol\u00edtica<\/h4>\n<p>Podemos actualizar esta pol\u00edtica de privacidad peri\u00f3dicamente, especialmente a medida que la tecnolog\u00eda cambia. Siempre puede consultar esta p\u00e1gina para ver la versi\u00f3n m\u00e1s reciente. Tambi\u00e9n podemos notificarle los cambios en nuestra pol\u00edtica de privacidad por correo electr\u00f3nico.<\/p>","protected":false},"excerpt":{"rendered":"<p>La privacidad es importante, pero puede resultar confusa. Esta p\u00e1gina explica nuestra pol\u00edtica de privacidad y c\u00f3mo te afecta. En resumen: recopilamos estad\u00edsticas an\u00f3nimas sobre tu visita, como las p\u00e1ginas que has visitado. Algunos terceros, como Facebook, pueden saber que has visitado este sitio web si utilizas sus servicios. No podemos controlarlos\u2026 <a title=\"Privacidad\" class=\"read-more\" href=\"https:\/\/secgen.worldea.org\/es\/privacy\/\" aria-label=\"Leer m\u00e1s sobre Privacidad\">Leer m\u00e1s<\/a><\/p>","protected":false},"author":1,"featured_media":0,"parent":0,"menu_order":0,"comment_status":"closed","ping_status":"closed","template":"","meta":{"_seopress_robots_primary_cat":"","_seopress_titles_title":"","_seopress_titles_desc":"","_seopress_robots_index":"","footnotes":""},"class_list":["post-221","page","type-page","status-publish"],"_links":{"self":[{"href":"https:\/\/secgen.worldea.org\/es\/wp-json\/wp\/v2\/pages\/221","targetHints":{"allow":["GET"]}}],"collection":[{"href":"https:\/\/secgen.worldea.org\/es\/wp-json\/wp\/v2\/pages"}],"about":[{"href":"https:\/\/secgen.worldea.org\/es\/wp-json\/wp\/v2\/types\/page"}],"author":[{"embeddable":true,"href":"https:\/\/secgen.worldea.org\/es\/wp-json\/wp\/v2\/users\/1"}],"replies":[{"embeddable":true,"href":"https:\/\/secgen.worldea.org\/es\/wp-json\/wp\/v2\/comments?post=221"}],"version-history":[{"count":2,"href":"https:\/\/secgen.worldea.org\/es\/wp-json\/wp\/v2\/pages\/221\/revisions"}],"predecessor-version":[{"id":400,"href":"https:\/\/secgen.worldea.org\/es\/wp-json\/wp\/v2\/pages\/221\/revisions\/400"}],"wp:attachment":[{"href":"https:\/\/secgen.worldea.org\/es\/wp-json\/wp\/v2\/media?parent=221"}],"curies":[{"name":"wp","href":"https:\/\/api.w.org\/{rel}","templated":true}]}}