{"id":222,"date":"2025-02-24T12:45:27","date_gmt":"2025-02-24T12:45:27","guid":{"rendered":"https:\/\/gospelforeveryone.worldea.org\/?page_id=222"},"modified":"2025-02-27T22:02:37","modified_gmt":"2025-02-27T22:02:37","slug":"cookies","status":"publish","type":"page","link":"https:\/\/secgen.worldea.org\/es\/cookies\/","title":{"rendered":"Galletas"},"content":{"rendered":"<p>Utilizamos cookies en nuestro sitio web. Una cookie es un peque\u00f1o archivo de texto que se almacena en su ordenador para mejorar la experiencia del usuario.<\/p>\n<p>Generally, we use cookies to help us administer this website and to improve the website&#8217;s usability. We may also use cookies to identify which pages are being used. This helps us to analyse data about webpage traffic and improve our website in order to tailor it to visitors to our website. We only use this information for statistical analysis purposes and then the data is removed from the system.<\/p>\n<p>En general, las cookies nos ayudan a ofrecerle un mejor sitio web, permiti\u00e9ndonos monitorear qu\u00e9 p\u00e1ginas encuentra \u00fatiles y cu\u00e1les no.<\/p>\n<p>Las cookies no contienen informaci\u00f3n que lo identifique personalmente. Una cookie no nos da acceso a su computadora ni a ninguna informaci\u00f3n sobre usted.<\/p>\n<p>Puede leer nuestra pol\u00edtica de privacidad completa en l\u00ednea\u00a0<a href=\"https:\/\/secgen.worldea.org\/es\/privacy\/\">aqu\u00ed<\/a>.<\/p>\n<p>Puede aceptar o rechazar las cookies. La mayor\u00eda de los navegadores web las aceptan autom\u00e1ticamente, pero normalmente puede modificar la configuraci\u00f3n de su navegador para rechazarlas si lo prefiere. Esto podr\u00eda impedirle aprovechar al m\u00e1ximo el sitio web.<\/p>\n<h4>Cookies en este sitio web<\/h4>\n<p>There are two main kinds of cookies: &#8216;session&#8217; cookies and &#8216;persistent&#8217; cookies. Session cookies only last for the duration of users using the website and are deleted from your computer when you close your browser, whereas persistent cookies outlast user sessions and remain stored on your computer until deleted, or until they reach their expiry date.<\/p>\n<p>Utilizamos cookies de sesi\u00f3n y cookies persistentes en este sitio web.<\/p>\n<h4>Cookies de terceros<\/h4>\n<p>Tambi\u00e9n utilizamos cookies de terceros para realizar an\u00e1lisis estad\u00edsticos del uso del sitio. Generamos informes que utilizamos para optimizar el sistema y ofrecer una mejor interfaz al usuario final.<\/p>\n<p>For this purpose we use Google Analytics to analyse the use of this website. Google Analytics generates statistical and other information about website use by means of cookies, which are stored on users&#8217; computers. The information generated relating to our website is used to create reports about the use of the website. Google will store and use this information. Google&#8217;s privacy policy is available at\u00a0<a href=\"https:\/\/www.google.com\/policies\/privacy\/\" target=\"_blank\" rel=\"noopener\">https:\/\/www.google.com\/policies\/privacy\/<\/a>Si desea que Google Analytics no le rastree en todos los sitios web, visite:\u00a0<a href=\"https:\/\/tools.google.com\/dlpage\/gaoptout\" target=\"_blank\" rel=\"noopener\">https:\/\/tools.google.com\/dlpage\/gaoptout<\/a>.<\/p>\n<p>La mayor\u00eda de los navegadores le permiten rechazar todas las cookies, mientras que algunos navegadores le permiten rechazar solo las cookies de terceros.<\/p>\n<h4>\u00bfC\u00f3mo cambio mi configuraci\u00f3n de cookies?<\/h4>\n<p>La mayor\u00eda de los navegadores web permiten controlar la mayor\u00eda de las cookies a trav\u00e9s de la configuraci\u00f3n del navegador. Para obtener m\u00e1s informaci\u00f3n sobre las cookies, incluyendo c\u00f3mo ver qu\u00e9 cookies se han configurado, visite\u00a0<a href=\"https:\/\/allaboutcookies.org\/\" target=\"_blank\" rel=\"noopener\">https:\/\/allaboutcookies.org\/<\/a>.<\/p>\n<p>Descubra c\u00f3mo administrar las cookies en los navegadores m\u00e1s populares:<\/p>\n<ul>\n<li><a href=\"https:\/\/support.google.com\/accounts\/answer\/61416\" target=\"_blank\" rel=\"noopener\">Google Chrome<\/a><\/li>\n<li><a href=\"https:\/\/support.microsoft.com\/en-us\/windows\/manage-cookies-in-microsoft-edge-view-allow-block-delete-and-use-168dab11-0753-043d-7c16-ede5947fc64d\" target=\"_blank\" rel=\"noopener\">Microsoft Edge<\/a><\/li>\n<li><a href=\"https:\/\/support.mozilla.org\/en-US\/kb\/enhanced-tracking-protection-firefox-desktop\" target=\"_blank\" rel=\"noopener\">Mozilla Firefox<\/a><\/li>\n<li><a href=\"https:\/\/help.opera.com\/en\/latest\/web-preferences\/\" target=\"_blank\" rel=\"noopener\">\u00d3pera<\/a><\/li>\n<li><a href=\"https:\/\/support.apple.com\/en-gb\/guide\/safari\/sfri11471\/mac\" target=\"_blank\" rel=\"noopener\">Safari de Apple<\/a><\/li>\n<\/ul>\n<p>To find information relating to other browsers, visit the browser developer&#8217;s website.<\/p>","protected":false},"excerpt":{"rendered":"<p>We use cookies on our website. A cookie is a small text file that is placed on your computer to help the site provide a better user experience. Generally, we use cookies to help us administer this website and to improve the website&#8217;s usability. We may also use cookies to identify which pages are being &#8230; <a title=\"Galletas\" class=\"read-more\" href=\"https:\/\/secgen.worldea.org\/es\/cookies\/\" aria-label=\"Leer m\u00e1s sobre Cookies\">Leer m\u00e1s<\/a><\/p>","protected":false},"author":1,"featured_media":0,"parent":0,"menu_order":0,"comment_status":"closed","ping_status":"closed","template":"","meta":{"_seopress_robots_primary_cat":"","_seopress_titles_title":"","_seopress_titles_desc":"","_seopress_robots_index":"","footnotes":""},"class_list":["post-222","page","type-page","status-publish"],"_links":{"self":[{"href":"https:\/\/secgen.worldea.org\/es\/wp-json\/wp\/v2\/pages\/222","targetHints":{"allow":["GET"]}}],"collection":[{"href":"https:\/\/secgen.worldea.org\/es\/wp-json\/wp\/v2\/pages"}],"about":[{"href":"https:\/\/secgen.worldea.org\/es\/wp-json\/wp\/v2\/types\/page"}],"author":[{"embeddable":true,"href":"https:\/\/secgen.worldea.org\/es\/wp-json\/wp\/v2\/users\/1"}],"replies":[{"embeddable":true,"href":"https:\/\/secgen.worldea.org\/es\/wp-json\/wp\/v2\/comments?post=222"}],"version-history":[{"count":1,"href":"https:\/\/secgen.worldea.org\/es\/wp-json\/wp\/v2\/pages\/222\/revisions"}],"predecessor-version":[{"id":401,"href":"https:\/\/secgen.worldea.org\/es\/wp-json\/wp\/v2\/pages\/222\/revisions\/401"}],"wp:attachment":[{"href":"https:\/\/secgen.worldea.org\/es\/wp-json\/wp\/v2\/media?parent=222"}],"curies":[{"name":"wp","href":"https:\/\/api.w.org\/{rel}","templated":true}]}}