{"id":342,"date":"2025-02-27T19:52:44","date_gmt":"2025-02-27T19:52:44","guid":{"rendered":"https:\/\/secgen.worldea.org\/?page_id=342"},"modified":"2025-07-18T05:59:13","modified_gmt":"2025-07-18T05:59:13","slug":"apply","status":"publish","type":"page","link":"https:\/\/secgen.worldea.org\/es\/apply\/","title":{"rendered":"Aplicar"},"content":{"rendered":"<p>In line with the WEA Search Committee&#8217;s commitment to a transparent selection process for the position of Secretary General of the WEA, we wish to provide the following important instructions:<\/p>\n<ol>\n<li>Todas las solicitudes deber\u00e1n enviarse exclusivamente a la direcci\u00f3n de correo electr\u00f3nico designada: <a href=\"mailto:searchsg@worldea.org\">searchsg@worldea.org<\/a><\/li>\n<li>Para confirmar que una solicitud ha sido recibida exitosamente, cada candidato puede esperar recibir un reconocimiento oficial del Comit\u00e9 de B\u00fasqueda dentro de los tres (3) d\u00edas h\u00e1biles posteriores a la presentaci\u00f3n.<\/li>\n<li>Si un candidato no ha recibido una confirmaci\u00f3n despu\u00e9s de tres (3) d\u00edas h\u00e1biles, debe reenviar inmediatamente su solicitud al correo electr\u00f3nico especificado y esperar una respuesta oficial del Comit\u00e9 de B\u00fasqueda dentro de dos (2) d\u00edas h\u00e1biles.<\/li>\n<\/ol>\n\t<p><strong>Por favor env\u00ede su solicitud por correo electr\u00f3nico a <a href=\"mailto:searchSG@worldea.org?subject=Application%20for%20the%20role%20of%20WEA%20Secretary%20General\">searchSG@worldea.org<\/a> con la siguiente informaci\u00f3n<\/strong>:<\/p>\n<ul>\n<li>Tu CV<\/li>\n<li>Su carta de presentaci\u00f3n<\/li>\n<li>Hasta 200 palabras sobre tu motivaci\u00f3n para postularte al puesto.<\/li>\n<li>Hasta 200 palabras sobre su visi\u00f3n para WEA<\/li>\n<li>Hasta 200 palabras sobre las fortalezas y los dones que podr\u00eda aportar al puesto.<\/li>\n<\/ul>\n<p>Gracias.<\/p>","protected":false},"excerpt":{"rendered":"<p>In line with the WEA Search Committee&#8217;s commitment to a transparent selection process for the position of Secretary General of the WEA, we wish to provide the following important instructions: All applications must be submitted exclusively to the designated email address: searchsg@worldea.org \u2060To confirm that an application has been successfully received, each candidate can expect &#8230; <a title=\"Aplicar\" class=\"read-more\" href=\"https:\/\/secgen.worldea.org\/es\/apply\/\" aria-label=\"Leer m\u00e1s sobre Apply\">Leer m\u00e1s<\/a><\/p>","protected":false},"author":1,"featured_media":0,"parent":0,"menu_order":0,"comment_status":"closed","ping_status":"closed","template":"","meta":{"_seopress_robots_primary_cat":"","_seopress_titles_title":"","_seopress_titles_desc":"","_seopress_robots_index":"yes","footnotes":""},"class_list":["post-342","page","type-page","status-publish"],"_links":{"self":[{"href":"https:\/\/secgen.worldea.org\/es\/wp-json\/wp\/v2\/pages\/342","targetHints":{"allow":["GET"]}}],"collection":[{"href":"https:\/\/secgen.worldea.org\/es\/wp-json\/wp\/v2\/pages"}],"about":[{"href":"https:\/\/secgen.worldea.org\/es\/wp-json\/wp\/v2\/types\/page"}],"author":[{"embeddable":true,"href":"https:\/\/secgen.worldea.org\/es\/wp-json\/wp\/v2\/users\/1"}],"replies":[{"embeddable":true,"href":"https:\/\/secgen.worldea.org\/es\/wp-json\/wp\/v2\/comments?post=342"}],"version-history":[{"count":7,"href":"https:\/\/secgen.worldea.org\/es\/wp-json\/wp\/v2\/pages\/342\/revisions"}],"predecessor-version":[{"id":422,"href":"https:\/\/secgen.worldea.org\/es\/wp-json\/wp\/v2\/pages\/342\/revisions\/422"}],"wp:attachment":[{"href":"https:\/\/secgen.worldea.org\/es\/wp-json\/wp\/v2\/media?parent=342"}],"curies":[{"name":"wp","href":"https:\/\/api.w.org\/{rel}","templated":true}]}}