{"id":80,"date":"2025-02-23T09:53:45","date_gmt":"2025-02-23T09:53:45","guid":{"rendered":"https:\/\/gospelforeveryone.worldea.org\/?page_id=80"},"modified":"2025-06-04T07:55:33","modified_gmt":"2025-06-04T07:55:33","slug":"coming-soon","status":"publish","type":"page","link":"https:\/\/secgen.worldea.org\/es\/","title":{"rendered":"Inicio"},"content":{"rendered":"<h1>\n\t\t\tB\u00fasqueda de Secretario General\t<\/h1>\n<h3>\n\t\t\tLas solicitudes ya est\u00e1n cerradas\t<\/h3>\n\t<p>El Secretario General es el responsable general de la Alianza Evang\u00e9lica Mundial. Dirige un equipo global de personal dedicado a cumplir la Hoja de Ruta 2030 de la WEA con cuatro prioridades estrat\u00e9gicas, a saber:<\/p>\n\t<p>Alianzas evang\u00e9licas fuertes<\/p>\n\t<p>Voz influyente de defensa<\/p>\n\t<p>Colaboraci\u00f3n fruct\u00edfera y amplia<\/p>\n\t<p>Estructuras organizacionales efectivas<\/p>\n\t<strong>El Secretario General<\/strong><br \/>\nes una persona humilde<br \/>\ntiene una integridad moral incuestionable<br \/>\nest\u00e1 por encima de todo reproche<br \/>\ntiene un fuerte sentido de llamado divino al puesto de SG<br \/>\nes compasivo<br \/>\ntiene una situaci\u00f3n familiar satisfactoria<br \/>\nest\u00e1 lleno del Esp\u00edritu<br \/>\nes un l\u00edder servidor<br \/>\nes amable con los dem\u00e1s<br \/>\nno se envanece<br \/>\ntiene una historia de disciplina espiritual<br \/>\nmuestra gracia a los dem\u00e1s<br \/>\nEs una persona de oraci\u00f3n y estudio b\u00edblico.<br \/>\ntiene un esp\u00edritu generoso<br \/>\ntiene una actitud correcta hacia el dinero<br \/>\ndemuestra madurez espiritual\n\t<p>El Secretario General es nombrado por el Consejo Internacional de la WEA (a trav\u00e9s de su Presidente y su Comit\u00e9 Ejecutivo), que est\u00e1 integrado por representantes de regiones de todo el mundo, y rinde cuentas ante \u00e9l.<\/p>\n\t<a href=\"https:\/\/worldea.org\" target=\"_self\" role=\"button\" aria-label=\"SITIO WEB PRINCIPAL DE WEA \">\n\t\t\t\t\t\tSITIO WEB PRINCIPAL DE WEA \n\t\t\t\t\t<\/a>\n\t<p>Se espera que el nuevo Secretario General tome posesi\u00f3n durante la <a href=\"https:\/\/gospelforeveryone.worldea.org\/\">Asamblea General<\/a> en Se\u00fal, Corea, en octubre de 2025.<\/p>\n\t<p>Hoy en d\u00eda, m\u00e1s de dos mil millones de cristianos en el mundo est\u00e1n representados por tres organismos eclesi\u00e1sticos mundiales. La Alianza Evang\u00e9lica Mundial (AEM) es una de ellas, y atiende a m\u00e1s de 600 millones de evang\u00e9licos pertenecientes a iglesias que forman parte de 143 alianzas evang\u00e9licas nacionales en nueve regiones.<\/p>\n<p>Fundada en Londres en 1846, la WEA re\u00fane a evang\u00e9licos de distintas denominaciones para la oraci\u00f3n, la evangelizaci\u00f3n, la misi\u00f3n, la educaci\u00f3n teol\u00f3gica, la libertad religiosa, la defensa de los derechos humanos, la ayuda humanitaria y la participaci\u00f3n en una amplia gama de problemas sociales. Se comunica con una sola voz ante las Naciones Unidas, los gobiernos y los medios de comunicaci\u00f3n, tanto en p\u00fablico como a trav\u00e9s de la diplomacia entre bastidores, sobre temas de inter\u00e9s com\u00fan para la Iglesia. Para m\u00e1s informaci\u00f3n, visite <a href=\"https:\/\/worldea.org\" target=\"_blank\" rel=\"noopener\">worldea.org<\/a>.<\/p>","protected":false},"excerpt":{"rendered":"<p>La convocatoria para el puesto de Secretario\/a General ya est\u00e1 cerrada. El\/La Secretario\/a General es el\/la responsable general de la Alianza Evang\u00e9lica Mundial. Dirige un equipo global de personal dedicado a cumplir la Hoja de Ruta 2030 de la WEA con cuatro prioridades estrat\u00e9gicas: Alianzas Evang\u00e9licas Fuertes, Voz Influyente en la Defensa de los Derechos, Colaboraci\u00f3n Fruct\u00edfera y Amplia, Estructuras Organizativas Eficaces. El\/La Secretario\/a\u2026 <a title=\"Inicio\" class=\"read-more\" href=\"https:\/\/secgen.worldea.org\/es\/\" aria-label=\"Leer m\u00e1s sobre Home\">Leer m\u00e1s<\/a><\/p>","protected":false},"author":1,"featured_media":0,"parent":0,"menu_order":0,"comment_status":"closed","ping_status":"closed","template":"","meta":{"_seopress_robots_primary_cat":"","_seopress_titles_title":"","_seopress_titles_desc":"","_seopress_robots_index":"","footnotes":""},"class_list":["post-80","page","type-page","status-publish"],"_links":{"self":[{"href":"https:\/\/secgen.worldea.org\/es\/wp-json\/wp\/v2\/pages\/80","targetHints":{"allow":["GET"]}}],"collection":[{"href":"https:\/\/secgen.worldea.org\/es\/wp-json\/wp\/v2\/pages"}],"about":[{"href":"https:\/\/secgen.worldea.org\/es\/wp-json\/wp\/v2\/types\/page"}],"author":[{"embeddable":true,"href":"https:\/\/secgen.worldea.org\/es\/wp-json\/wp\/v2\/users\/1"}],"replies":[{"embeddable":true,"href":"https:\/\/secgen.worldea.org\/es\/wp-json\/wp\/v2\/comments?post=80"}],"version-history":[{"count":4,"href":"https:\/\/secgen.worldea.org\/es\/wp-json\/wp\/v2\/pages\/80\/revisions"}],"predecessor-version":[{"id":427,"href":"https:\/\/secgen.worldea.org\/es\/wp-json\/wp\/v2\/pages\/80\/revisions\/427"}],"wp:attachment":[{"href":"https:\/\/secgen.worldea.org\/es\/wp-json\/wp\/v2\/media?parent=80"}],"curies":[{"name":"wp","href":"https:\/\/api.w.org\/{rel}","templated":true}]}}