{"id":222,"date":"2025-02-24T12:45:27","date_gmt":"2025-02-24T12:45:27","guid":{"rendered":"https:\/\/gospelforeveryone.worldea.org\/?page_id=222"},"modified":"2025-02-27T22:02:37","modified_gmt":"2025-02-27T22:02:37","slug":"cookies","status":"publish","type":"page","link":"https:\/\/secgen.worldea.org\/fr\/cookies\/","title":{"rendered":"Cookies"},"content":{"rendered":"<p>Nous utilisons des cookies sur notre site web. Un cookie est un petit fichier texte enregistr\u00e9 sur votre ordinateur pour am\u00e9liorer l&#039;exp\u00e9rience utilisateur.<\/p>\n<p>Generally, we use cookies to help us administer this website and to improve the website&#8217;s usability. We may also use cookies to identify which pages are being used. This helps us to analyse data about webpage traffic and improve our website in order to tailor it to visitors to our website. We only use this information for statistical analysis purposes and then the data is removed from the system.<\/p>\n<p>Dans l\u2019ensemble, les cookies nous aident \u00e0 vous offrir un meilleur site Web, en nous permettant de surveiller les pages que vous trouvez utiles et celles que vous ne trouvez pas utiles.<\/p>\n<p>Les cookies ne contiennent aucune information permettant de vous identifier personnellement. Ils ne nous donnent en aucun cas acc\u00e8s \u00e0 votre ordinateur ni \u00e0 aucune information vous concernant.<\/p>\n<p>Vous pouvez lire notre politique de confidentialit\u00e9 en ligne compl\u00e8te\u00a0<a href=\"https:\/\/secgen.worldea.org\/fr\/privacy\/\">ici<\/a>.<\/p>\n<p>Vous pouvez choisir d&#039;accepter ou de refuser les cookies. La plupart des navigateurs web acceptent automatiquement les cookies, mais vous pouvez g\u00e9n\u00e9ralement modifier les param\u00e8tres de votre navigateur pour les refuser si vous le souhaitez. Cela pourrait vous emp\u00eacher de profiter pleinement du site web.<\/p>\n<h4>Cookies sur ce site<\/h4>\n<p>There are two main kinds of cookies: &#8216;session&#8217; cookies and &#8216;persistent&#8217; cookies. Session cookies only last for the duration of users using the website and are deleted from your computer when you close your browser, whereas persistent cookies outlast user sessions and remain stored on your computer until deleted, or until they reach their expiry date.<\/p>\n<p>Nous utilisons \u00e0 la fois des cookies de session et des cookies persistants sur ce site Web.<\/p>\n<h4>Cookies tiers<\/h4>\n<p>Nous utilisons \u00e9galement des cookies tiers pour r\u00e9aliser des analyses statistiques sur l&#039;utilisation du site. Nous cr\u00e9ons des rapports qui nous permettent d&#039;optimiser le syst\u00e8me et d&#039;offrir une meilleure interface \u00e0 l&#039;utilisateur final.<\/p>\n<p>For this purpose we use Google Analytics to analyse the use of this website. Google Analytics generates statistical and other information about website use by means of cookies, which are stored on users&#8217; computers. The information generated relating to our website is used to create reports about the use of the website. Google will store and use this information. Google&#8217;s privacy policy is available at\u00a0<a href=\"https:\/\/www.google.com\/policies\/privacy\/\" target=\"_blank\" rel=\"noopener\">https:\/\/www.google.com\/policies\/privacy\/<\/a>Si vous souhaitez d\u00e9sactiver le suivi par Google Analytics sur tous les sites Web, veuillez visiter\u00a0:\u00a0<a href=\"https:\/\/tools.google.com\/dlpage\/gaoptout\" target=\"_blank\" rel=\"noopener\">https:\/\/tools.google.com\/dlpage\/gaoptout<\/a>.<\/p>\n<p>La plupart des navigateurs vous permettent de rejeter tous les cookies, tandis que certains navigateurs vous permettent de rejeter uniquement les cookies tiers.<\/p>\n<h4>Comment puis-je modifier mes param\u00e8tres de cookies ?<\/h4>\n<p>La plupart des navigateurs web permettent de contr\u00f4ler la plupart des cookies via leurs param\u00e8tres. Pour en savoir plus sur les cookies, notamment comment savoir quels cookies ont \u00e9t\u00e9 install\u00e9s, consultez la page\u00a0<a href=\"https:\/\/allaboutcookies.org\/\" target=\"_blank\" rel=\"noopener\">https:\/\/allaboutcookies.org\/<\/a>.<\/p>\n<p>D\u00e9couvrez comment g\u00e9rer les cookies sur les navigateurs populaires\u00a0:<\/p>\n<ul>\n<li><a href=\"https:\/\/support.google.com\/accounts\/answer\/61416\" target=\"_blank\" rel=\"noopener\">Google Chrome<\/a><\/li>\n<li><a href=\"https:\/\/support.microsoft.com\/en-us\/windows\/manage-cookies-in-microsoft-edge-view-allow-block-delete-and-use-168dab11-0753-043d-7c16-ede5947fc64d\" target=\"_blank\" rel=\"noopener\">Microsoft Edge<\/a><\/li>\n<li><a href=\"https:\/\/support.mozilla.org\/en-US\/kb\/enhanced-tracking-protection-firefox-desktop\" target=\"_blank\" rel=\"noopener\">Mozilla Firefox<\/a><\/li>\n<li><a href=\"https:\/\/help.opera.com\/en\/latest\/web-preferences\/\" target=\"_blank\" rel=\"noopener\">Op\u00e9ra<\/a><\/li>\n<li><a href=\"https:\/\/support.apple.com\/en-gb\/guide\/safari\/sfri11471\/mac\" target=\"_blank\" rel=\"noopener\">Apple Safari<\/a><\/li>\n<\/ul>\n<p>To find information relating to other browsers, visit the browser developer&#8217;s website.<\/p>","protected":false},"excerpt":{"rendered":"<p>We use cookies on our website. A cookie is a small text file that is placed on your computer to help the site provide a better user experience. Generally, we use cookies to help us administer this website and to improve the website&#8217;s usability. We may also use cookies to identify which pages are being &#8230; <a title=\"Cookies\" class=\"read-more\" href=\"https:\/\/secgen.worldea.org\/fr\/cookies\/\" aria-label=\"En savoir plus sur Cookies\">Lire plus<\/a><\/p>","protected":false},"author":1,"featured_media":0,"parent":0,"menu_order":0,"comment_status":"closed","ping_status":"closed","template":"","meta":{"_seopress_robots_primary_cat":"","_seopress_titles_title":"","_seopress_titles_desc":"","_seopress_robots_index":"","footnotes":""},"class_list":["post-222","page","type-page","status-publish"],"_links":{"self":[{"href":"https:\/\/secgen.worldea.org\/fr\/wp-json\/wp\/v2\/pages\/222","targetHints":{"allow":["GET"]}}],"collection":[{"href":"https:\/\/secgen.worldea.org\/fr\/wp-json\/wp\/v2\/pages"}],"about":[{"href":"https:\/\/secgen.worldea.org\/fr\/wp-json\/wp\/v2\/types\/page"}],"author":[{"embeddable":true,"href":"https:\/\/secgen.worldea.org\/fr\/wp-json\/wp\/v2\/users\/1"}],"replies":[{"embeddable":true,"href":"https:\/\/secgen.worldea.org\/fr\/wp-json\/wp\/v2\/comments?post=222"}],"version-history":[{"count":1,"href":"https:\/\/secgen.worldea.org\/fr\/wp-json\/wp\/v2\/pages\/222\/revisions"}],"predecessor-version":[{"id":401,"href":"https:\/\/secgen.worldea.org\/fr\/wp-json\/wp\/v2\/pages\/222\/revisions\/401"}],"wp:attachment":[{"href":"https:\/\/secgen.worldea.org\/fr\/wp-json\/wp\/v2\/media?parent=222"}],"curies":[{"name":"wp","href":"https:\/\/api.w.org\/{rel}","templated":true}]}}