{"id":265,"date":"2025-02-25T12:19:59","date_gmt":"2025-02-25T12:19:59","guid":{"rendered":"https:\/\/gospelforeveryone.worldea.org\/?page_id=265"},"modified":"2025-02-27T22:02:57","modified_gmt":"2025-02-27T22:02:57","slug":"your-data","status":"publish","type":"page","link":"https:\/\/secgen.worldea.org\/fr\/your-data\/","title":{"rendered":"Vos donn\u00e9es"},"content":{"rendered":"<p><strong>Vos donn\u00e9es vous appartiennent<\/strong>Vous pouvez demander \u00e0 recevoir les donn\u00e9es que nous d\u00e9tenons \u00e0 votre sujet ou demander que nous supprimions ces donn\u00e9es en utilisant les formulaires ci-dessous.<\/p>\n\t\t\t\tDemande d&#039;exportation de donn\u00e9es Demande de suppression de donn\u00e9es Demande d&#039;exportation de donn\u00e9es\n\t\t\t\t<p>Si \u00e0 tout moment vous souhaitez recevoir une copie des donn\u00e9es que nous d\u00e9tenons \u00e0 votre sujet, remplissez simplement le formulaire ci-dessous.<\/p>\n<form action=\"https:\/\/secgen.worldea.org\/fr\/wp-json\/ws-form\/v1\/submit\" class=\"wsf-form wsf-form-canvas\" id=\"ws-form-1\" data-id=\"7\" method=\"POST\" data-instance-id=\"1\" data-wsf-style-id=\"1\" data-trp-original-action=\"https:\/\/secgen.worldea.org\/fr\/wp-json\/ws-form\/v1\/submit\"><input type=\"hidden\" name=\"trp-form-language\" value=\"fr\"\/><\/form>\n\t\t\t\t\t\t\tDemande de suppression de donn\u00e9es\n\t\t\t\t<p>Si \u00e0 tout moment vous souhaitez supprimer vos donn\u00e9es de notre site, remplissez simplement le formulaire ci-dessous.<\/p>\n<form action=\"https:\/\/secgen.worldea.org\/fr\/wp-json\/ws-form\/v1\/submit\" class=\"wsf-form wsf-form-canvas\" id=\"ws-form-2\" data-id=\"6\" method=\"POST\" data-instance-id=\"2\" data-wsf-style-id=\"1\" data-trp-original-action=\"https:\/\/secgen.worldea.org\/fr\/wp-json\/ws-form\/v1\/submit\"><input type=\"hidden\" name=\"trp-form-language\" value=\"fr\"\/><\/form>","protected":false},"excerpt":{"rendered":"<p>Vos donn\u00e9es vous appartiennent. Vous pouvez demander \u00e0 recevoir les donn\u00e9es que nous d\u00e9tenons vous concernant, ou demander leur suppression, en utilisant les formulaires ci-dessous. Demande d&#039;exportation de donn\u00e9es Demande de suppression de donn\u00e9es Demande d&#039;exportation de donn\u00e9es Si vous souhaitez \u00e0 tout moment recevoir une copie des donn\u00e9es que nous d\u00e9tenons vous concernant, \u2026 <a title=\"Vos donn\u00e9es\" class=\"read-more\" href=\"https:\/\/secgen.worldea.org\/fr\/your-data\/\" aria-label=\"En savoir plus sur Vos donn\u00e9es\">Lire plus<\/a><\/p>","protected":false},"author":1,"featured_media":0,"parent":0,"menu_order":0,"comment_status":"closed","ping_status":"closed","template":"","meta":{"_seopress_robots_primary_cat":"","_seopress_titles_title":"","_seopress_titles_desc":"","_seopress_robots_index":"","footnotes":""},"class_list":["post-265","page","type-page","status-publish"],"_links":{"self":[{"href":"https:\/\/secgen.worldea.org\/fr\/wp-json\/wp\/v2\/pages\/265","targetHints":{"allow":["GET"]}}],"collection":[{"href":"https:\/\/secgen.worldea.org\/fr\/wp-json\/wp\/v2\/pages"}],"about":[{"href":"https:\/\/secgen.worldea.org\/fr\/wp-json\/wp\/v2\/types\/page"}],"author":[{"embeddable":true,"href":"https:\/\/secgen.worldea.org\/fr\/wp-json\/wp\/v2\/users\/1"}],"replies":[{"embeddable":true,"href":"https:\/\/secgen.worldea.org\/fr\/wp-json\/wp\/v2\/comments?post=265"}],"version-history":[{"count":1,"href":"https:\/\/secgen.worldea.org\/fr\/wp-json\/wp\/v2\/pages\/265\/revisions"}],"predecessor-version":[{"id":402,"href":"https:\/\/secgen.worldea.org\/fr\/wp-json\/wp\/v2\/pages\/265\/revisions\/402"}],"wp:attachment":[{"href":"https:\/\/secgen.worldea.org\/fr\/wp-json\/wp\/v2\/media?parent=265"}],"curies":[{"name":"wp","href":"https:\/\/api.w.org\/{rel}","templated":true}]}}