{"id":342,"date":"2025-02-27T19:52:44","date_gmt":"2025-02-27T19:52:44","guid":{"rendered":"https:\/\/secgen.worldea.org\/?page_id=342"},"modified":"2025-07-18T05:59:13","modified_gmt":"2025-07-18T05:59:13","slug":"apply","status":"publish","type":"page","link":"https:\/\/secgen.worldea.org\/fr\/apply\/","title":{"rendered":"Appliquer"},"content":{"rendered":"<p>In line with the WEA Search Committee&#8217;s commitment to a transparent selection process for the position of Secretary General of the WEA, we wish to provide the following important instructions:<\/p>\n<ol>\n<li>Toutes les candidatures doivent \u00eatre soumises exclusivement \u00e0 l&#039;adresse \u00e9lectronique d\u00e9sign\u00e9e\u00a0: <a href=\"mailto:searchsg@worldea.org\">searchsg@worldea.org<\/a><\/li>\n<li>\u2060Pour confirmer qu\u2019une candidature a \u00e9t\u00e9 re\u00e7ue avec succ\u00e8s, chaque candidat peut s\u2019attendre \u00e0 recevoir un accus\u00e9 de r\u00e9ception officiel du Comit\u00e9 de recherche dans les trois (3) jours ouvrables suivant la soumission.<\/li>\n<li>Si un candidat n\u2019a pas re\u00e7u de confirmation apr\u00e8s trois (3) jours ouvrables, il doit imm\u00e9diatement renvoyer sa candidature \u00e0 l\u2019adresse \u00e9lectronique sp\u00e9cifi\u00e9e et s\u2019attendre \u00e0 une r\u00e9ponse officielle du comit\u00e9 de recherche dans un d\u00e9lai de deux (2) jours ouvrables.<\/li>\n<\/ol>\n\t<p><strong>Veuillez envoyer votre candidature par courriel \u00e0 <a href=\"mailto:searchSG@worldea.org?subject=Application%20for%20the%20role%20of%20WEA%20Secretary%20General\">searchSG@worldea.org<\/a> avec les informations suivantes<\/strong>:<\/p>\n<ul>\n<li>Votre CV<\/li>\n<li>Votre lettre de motivation<\/li>\n<li>Veuillez d\u00e9crire en 200 mots maximum vos motivations \u00e0 postuler \u00e0 ce poste.<\/li>\n<li>D\u00e9crivez votre vision de WEA en 200 mots maximum.<\/li>\n<li>Jusqu&#039;\u00e0 200 mots sur les atouts et les qualit\u00e9s que vous pourriez apporter \u00e0 ce poste.<\/li>\n<\/ul>\n<p>Merci.<\/p>","protected":false},"excerpt":{"rendered":"<p>In line with the WEA Search Committee&#8217;s commitment to a transparent selection process for the position of Secretary General of the WEA, we wish to provide the following important instructions: All applications must be submitted exclusively to the designated email address: searchsg@worldea.org \u2060To confirm that an application has been successfully received, each candidate can expect &#8230; <a title=\"Appliquer\" class=\"read-more\" href=\"https:\/\/secgen.worldea.org\/fr\/apply\/\" aria-label=\"En savoir plus sur Apply\">Lire plus<\/a><\/p>","protected":false},"author":1,"featured_media":0,"parent":0,"menu_order":0,"comment_status":"closed","ping_status":"closed","template":"","meta":{"_seopress_robots_primary_cat":"","_seopress_titles_title":"","_seopress_titles_desc":"","_seopress_robots_index":"yes","footnotes":""},"class_list":["post-342","page","type-page","status-publish"],"_links":{"self":[{"href":"https:\/\/secgen.worldea.org\/fr\/wp-json\/wp\/v2\/pages\/342","targetHints":{"allow":["GET"]}}],"collection":[{"href":"https:\/\/secgen.worldea.org\/fr\/wp-json\/wp\/v2\/pages"}],"about":[{"href":"https:\/\/secgen.worldea.org\/fr\/wp-json\/wp\/v2\/types\/page"}],"author":[{"embeddable":true,"href":"https:\/\/secgen.worldea.org\/fr\/wp-json\/wp\/v2\/users\/1"}],"replies":[{"embeddable":true,"href":"https:\/\/secgen.worldea.org\/fr\/wp-json\/wp\/v2\/comments?post=342"}],"version-history":[{"count":7,"href":"https:\/\/secgen.worldea.org\/fr\/wp-json\/wp\/v2\/pages\/342\/revisions"}],"predecessor-version":[{"id":422,"href":"https:\/\/secgen.worldea.org\/fr\/wp-json\/wp\/v2\/pages\/342\/revisions\/422"}],"wp:attachment":[{"href":"https:\/\/secgen.worldea.org\/fr\/wp-json\/wp\/v2\/media?parent=342"}],"curies":[{"name":"wp","href":"https:\/\/api.w.org\/{rel}","templated":true}]}}