{"id":80,"date":"2025-02-23T09:53:45","date_gmt":"2025-02-23T09:53:45","guid":{"rendered":"https:\/\/gospelforeveryone.worldea.org\/?page_id=80"},"modified":"2025-06-04T07:55:33","modified_gmt":"2025-06-04T07:55:33","slug":"coming-soon","status":"publish","type":"page","link":"https:\/\/secgen.worldea.org\/fr\/","title":{"rendered":"Accueil"},"content":{"rendered":"<h1>\n\t\t\tRecherche du secr\u00e9taire g\u00e9n\u00e9ral\t<\/h1>\n<h3>\n\t\t\tLes candidatures sont d\u00e9sormais closes\t<\/h3>\n\t<p>Le Secr\u00e9taire g\u00e9n\u00e9ral est responsable de l&#039;ensemble de l&#039;Alliance \u00e9vang\u00e9lique mondiale. Il dirige une \u00e9quipe internationale charg\u00e9e de mettre en \u0153uvre la Feuille de route 2030 de l&#039;AEM, articul\u00e9e autour de quatre priorit\u00e9s strat\u00e9giques\u00a0:<\/p>\n\t<p>De fortes alliances \u00e9vang\u00e9liques<\/p>\n\t<p>Voix influente du plaidoyer<\/p>\n\t<p>Une collaboration fructueuse et large<\/p>\n\t<p>Structures organisationnelles efficaces<\/p>\n\t<strong>Le Secr\u00e9taire g\u00e9n\u00e9ral<\/strong><br \/>\nest une personne humble<br \/>\na une int\u00e9grit\u00e9 morale incontest\u00e9e<br \/>\nest irr\u00e9prochable<br \/>\na un fort sentiment d&#039;appel divin au poste de SG<br \/>\nest compatissant<br \/>\na une situation familiale satisfaisante<br \/>\nest rempli de l&#039;Esprit<br \/>\nest un leader serviteur<br \/>\nest gracieux envers les autres<br \/>\nn&#039;est pas gonfl\u00e9<br \/>\na une histoire de discipline spirituelle<br \/>\nfait preuve de gr\u00e2ce envers les autres<br \/>\nest une personne de pri\u00e8re et d&#039;\u00e9tude de la Bible<br \/>\na un esprit g\u00e9n\u00e9reux<br \/>\na une bonne attitude envers l&#039;argent<br \/>\nfait preuve de maturit\u00e9 spirituelle\n\t<p>Le secr\u00e9taire g\u00e9n\u00e9ral est nomm\u00e9 par le Conseil international de l&#039;AEM (par l&#039;interm\u00e9diaire de son pr\u00e9sident et de son comit\u00e9 ex\u00e9cutif) et lui rend compte. Ce Conseil est compos\u00e9 de repr\u00e9sentants des r\u00e9gions du monde entier.<\/p>\n\t<a href=\"https:\/\/worldea.org\" target=\"_self\" role=\"button\" aria-label=\"SITE WEB PRINCIPAL DE WEA \">\n\t\t\t\t\t\tSITE WEB PRINCIPAL DE WEA \n\t\t\t\t\t<\/a>\n\t<p>Le nouveau Secr\u00e9taire g\u00e9n\u00e9ral devrait \u00eatre investi au cours de la <a href=\"https:\/\/gospelforeveryone.worldea.org\/\">Assembl\u00e9e g\u00e9n\u00e9rale<\/a> \u00e0 S\u00e9oul, en Cor\u00e9e, en octobre 2025.<\/p>\n\t<p>Aujourd&#039;hui, plus de deux milliards de chr\u00e9tiens dans le monde sont repr\u00e9sent\u00e9s par trois organisations eccl\u00e9siales mondiales. L&#039;Alliance \u00e9vang\u00e9lique mondiale (AEM) est l&#039;une d&#039;elles, au service de plus de 600 millions d&#039;\u00e9vang\u00e9liques appartenant \u00e0 des \u00c9glises membres de 143 alliances \u00e9vang\u00e9liques nationales r\u00e9parties dans neuf r\u00e9gions.<\/p>\n<p>Fond\u00e9e \u00e0 Londres en 1846, la WEA rassemble des \u00e9vang\u00e9liques de toutes confessions pour la pri\u00e8re, l&#039;\u00e9vang\u00e9lisation, la mission, l&#039;enseignement th\u00e9ologique, la libert\u00e9 religieuse, la d\u00e9fense des droits de l&#039;homme, l&#039;aide humanitaire et l&#039;engagement sur un large \u00e9ventail de questions sociales. Elle s&#039;exprime d&#039;une seule voix aupr\u00e8s des Nations Unies, des gouvernements et des m\u00e9dias, en public ou par le biais de diplomaties en coulisses, sur des sujets d&#039;int\u00e9r\u00eat commun pour l&#039;\u00c9glise. Pour plus d&#039;informations, consultez le site <a href=\"https:\/\/worldea.org\" target=\"_blank\" rel=\"noopener\">worldea.org<\/a>.<\/p>","protected":false},"excerpt":{"rendered":"<p>Le recrutement pour le poste de Secr\u00e9taire g\u00e9n\u00e9ral est d\u00e9sormais clos. Le\/la Secr\u00e9taire g\u00e9n\u00e9ral(e) est responsable de l&#039;ensemble de l&#039;Alliance \u00e9vang\u00e9lique mondiale. Il\/elle dirige une \u00e9quipe internationale charg\u00e9e de mettre en \u0153uvre la Feuille de route 2030 de l&#039;AEM, articul\u00e9e autour de quatre priorit\u00e9s strat\u00e9giques\u00a0: des alliances \u00e9vang\u00e9liques fortes, une voix influente pour le plaidoyer, une collaboration fructueuse et \u00e9tendue, et des structures organisationnelles efficaces. Le\/la Secr\u00e9taire\u2026 <a title=\"Accueil\" class=\"read-more\" href=\"https:\/\/secgen.worldea.org\/fr\/\" aria-label=\"En savoir plus sur Home\">Lire plus<\/a><\/p>","protected":false},"author":1,"featured_media":0,"parent":0,"menu_order":0,"comment_status":"closed","ping_status":"closed","template":"","meta":{"_seopress_robots_primary_cat":"","_seopress_titles_title":"","_seopress_titles_desc":"","_seopress_robots_index":"","footnotes":""},"class_list":["post-80","page","type-page","status-publish"],"_links":{"self":[{"href":"https:\/\/secgen.worldea.org\/fr\/wp-json\/wp\/v2\/pages\/80","targetHints":{"allow":["GET"]}}],"collection":[{"href":"https:\/\/secgen.worldea.org\/fr\/wp-json\/wp\/v2\/pages"}],"about":[{"href":"https:\/\/secgen.worldea.org\/fr\/wp-json\/wp\/v2\/types\/page"}],"author":[{"embeddable":true,"href":"https:\/\/secgen.worldea.org\/fr\/wp-json\/wp\/v2\/users\/1"}],"replies":[{"embeddable":true,"href":"https:\/\/secgen.worldea.org\/fr\/wp-json\/wp\/v2\/comments?post=80"}],"version-history":[{"count":4,"href":"https:\/\/secgen.worldea.org\/fr\/wp-json\/wp\/v2\/pages\/80\/revisions"}],"predecessor-version":[{"id":427,"href":"https:\/\/secgen.worldea.org\/fr\/wp-json\/wp\/v2\/pages\/80\/revisions\/427"}],"wp:attachment":[{"href":"https:\/\/secgen.worldea.org\/fr\/wp-json\/wp\/v2\/media?parent=80"}],"curies":[{"name":"wp","href":"https:\/\/api.w.org\/{rel}","templated":true}]}}